{"id":47,"date":"2020-05-21T19:27:22","date_gmt":"2020-05-21T18:27:22","guid":{"rendered":"http:\/\/intermiro.com\/wordpress\/?page_id=47"},"modified":"2020-10-16T16:15:37","modified_gmt":"2020-10-16T15:15:37","slug":"over-intermiro","status":"publish","type":"page","link":"https:\/\/intermiro.com\/wordpress\/over-intermiro\/","title":{"rendered":"Over Intermiro"},"content":{"rendered":"<p>Geboren in Zagreb (Kroati\u00eb) maar al vele jaren woonachtig in Rotterdam (Holland). Ik hou me veel bezig met computers, foto\u2019s en muziek. Deze website zit vol met verschillende muziek dus voor iedereen is er wat om te zien of beluisteren.<\/p>\n<hr>\n<p>Ro\u0111en sam u Zagrebu (Hrvatska) me\u0111utim ve\u0107 puno godina \u017eivim u Roterdamu (Nizozemska).<br>\nJa se puno bavim sa kompjuterima,fotografijom i muzikom.Na ovoj vebstranici mo\u017eete na\u0107i mnogo razli\u010dite muzike a to zna\u010di za svakoga ima ne\u0161to.<\/p>\n<p>Binnenkort meer.<\/p>\n\n\n<figure class=\"wp-block-image size-large\"><a href=\"http:\/\/intermiro.com\/wordpress\/wp-content\/uploads\/2020\/05\/zagreb-2703960_1920.jpg\" target=\"_blank\" rel=\"noreferrer noopener\"><img fetchpriority=\"high\" decoding=\"async\" width=\"1024\" height=\"576\" src=\"http:\/\/intermiro.com\/wordpress\/wp-content\/uploads\/2020\/05\/zagreb-2703960_1920-1024x576.jpg\" alt=\"\" class=\"wp-image-55\"\/><\/a><\/figure>\n","protected":false},"excerpt":{"rendered":"<p>Geboren in Zagreb (Kroati\u00eb) maar al vele jaren woonachtig in Rotterdam (Holland). Ik hou me veel bezig met computers, foto\u2019s en muziek. Deze website zit vol met verschillende muziek dus voor iedereen is er wat om te zien of beluisteren. Ro\u0111en sam u Zagrebu (Hrvatska) me\u0111utim ve\u0107 puno godina \u017eivim u Roterdamu (Nizozemska). Ja se [&hellip;]<\/p>\n","protected":false},"author":1,"featured_media":0,"parent":0,"menu_order":0,"comment_status":"closed","ping_status":"closed","template":"","meta":{"zakra_sidebar_layout":"customizer","zakra_remove_content_margin":false,"zakra_sidebar":"customizer","zakra_transparent_header":"customizer","zakra_logo":0,"zakra_main_header_style":"default","zakra_menu_item_color":"","zakra_menu_item_hover_color":"","zakra_menu_item_active_color":"","zakra_menu_active_style":"zakra_menu_active_style","zakra_page_header":true,"ngg_post_thumbnail":0},"rttpg_featured_image_url":null,"rttpg_author":{"display_name":"admin2312","author_link":"https:\/\/intermiro.com\/wordpress\/author\/admin2312\/"},"rttpg_comment":0,"rttpg_category":null,"rttpg_excerpt":"Geboren in Zagreb (Kroati\u00eb) maar al vele jaren woonachtig in Rotterdam (Holland). Ik hou me veel bezig met computers, foto\u2019s en muziek. Deze website zit vol met verschillende muziek dus voor iedereen is er wat om te zien of beluisteren. Ro\u0111en sam u Zagrebu (Hrvatska) me\u0111utim ve\u0107 puno godina \u017eivim u Roterdamu (Nizozemska). Ja se&hellip;","_links":{"self":[{"href":"https:\/\/intermiro.com\/wordpress\/wp-json\/wp\/v2\/pages\/47"}],"collection":[{"href":"https:\/\/intermiro.com\/wordpress\/wp-json\/wp\/v2\/pages"}],"about":[{"href":"https:\/\/intermiro.com\/wordpress\/wp-json\/wp\/v2\/types\/page"}],"author":[{"embeddable":true,"href":"https:\/\/intermiro.com\/wordpress\/wp-json\/wp\/v2\/users\/1"}],"replies":[{"embeddable":true,"href":"https:\/\/intermiro.com\/wordpress\/wp-json\/wp\/v2\/comments?post=47"}],"version-history":[{"count":10,"href":"https:\/\/intermiro.com\/wordpress\/wp-json\/wp\/v2\/pages\/47\/revisions"}],"predecessor-version":[{"id":1208,"href":"https:\/\/intermiro.com\/wordpress\/wp-json\/wp\/v2\/pages\/47\/revisions\/1208"}],"wp:attachment":[{"href":"https:\/\/intermiro.com\/wordpress\/wp-json\/wp\/v2\/media?parent=47"}],"curies":[{"name":"wp","href":"https:\/\/api.w.org\/{rel}","templated":true}]}}